{"id":9298,"date":"2024-02-19T10:53:27","date_gmt":"2024-02-19T13:53:27","guid":{"rendered":"https:\/\/cvelec.cl\/?post_type=product&#038;p=9298"},"modified":"2024-10-20T13:54:30","modified_gmt":"2024-10-20T16:54:30","slug":"loadbuster","status":"publish","type":"product","link":"https:\/\/cvelec.cl\/index.php\/producto\/loadbuster\/","title":{"rendered":"LoadBuster"},"content":{"rendered":"<p>Herramienta para realizar desconexi\u00f3n bajo carga en Seccionadores, Desconectadores, Fusibles, Pad Mounted, Etc.<br \/>\nPara utilizar en sistemas hasta 34.5 kV, 600Amp Nominal, 900 Amp M\u00e1x.<br \/>\nIncluye caja de protecci\u00f3n y transporte.<br \/>\nUtilizaci\u00f3n con p\u00e9rtiga y guantes diel\u00e9ctricos apropiados seg\u00fan el nivel de tensi\u00f3n.<\/p>\n","protected":false},"excerpt":{"rendered":"<p>Herramienta para realizar desconexi\u00f3n bajo carga en Seccionadores, Desconectadores, Fusibles, Pad Mounted, Etc. Para utilizar en sistemas hasta 34.5 kV, 600Amp Nominal, 900 Amp M\u00e1x. Incluye caja de protecci\u00f3n y transporte. Utilizaci\u00f3n con p\u00e9rtiga y guantes diel\u00e9ctricos apropiados seg\u00fan el nivel de tensi\u00f3n.<\/p>\n","protected":false},"featured_media":10151,"template":"","meta":{"_acf_changed":false},"product_cat":[114],"product_tag":[],"class_list":{"0":"post-9298","1":"product","2":"type-product","3":"status-publish","4":"has-post-thumbnail","6":"product_cat-seguridad","8":"first","9":"instock","10":"shipping-taxable","11":"product-type-simple"},"acf":[],"yoast_head":"<!-- This site is optimized with the Yoast SEO plugin v23.7 - https:\/\/yoast.com\/wordpress\/plugins\/seo\/ -->\n<title>LoadBuster - CVELEC\u00ae<\/title>\n<meta name=\"robots\" content=\"index, follow, max-snippet:-1, max-image-preview:large, max-video-preview:-1\" \/>\n<link rel=\"canonical\" href=\"https:\/\/cvelec.cl\/index.php\/producto\/loadbuster\/\" \/>\n<meta property=\"og:locale\" content=\"es_ES\" \/>\n<meta property=\"og:type\" content=\"article\" \/>\n<meta property=\"og:title\" content=\"LoadBuster - CVELEC\u00ae\" \/>\n<meta property=\"og:description\" content=\"Herramienta para realizar desconexi\u00f3n bajo carga en Seccionadores, Desconectadores, Fusibles, Pad Mounted, Etc. Para utilizar en sistemas hasta 34.5 kV, 600Amp Nominal, 900 Amp M\u00e1x. Incluye caja de protecci\u00f3n y transporte. Utilizaci\u00f3n con p\u00e9rtiga y guantes diel\u00e9ctricos apropiados seg\u00fan el nivel de tensi\u00f3n.\" \/>\n<meta property=\"og:url\" content=\"https:\/\/cvelec.cl\/index.php\/producto\/loadbuster\/\" \/>\n<meta property=\"og:site_name\" content=\"CVELEC\u00ae\" \/>\n<meta property=\"article:modified_time\" content=\"2024-10-20T16:54:30+00:00\" \/>\n<meta property=\"og:image\" content=\"https:\/\/cvelec.cl\/wp-content\/uploads\/2024\/02\/ab98897d60eaa0d05c1862c118538407_XL.webp\" \/>\n\t<meta property=\"og:image:width\" content=\"300\" \/>\n\t<meta property=\"og:image:height\" content=\"201\" \/>\n\t<meta property=\"og:image:type\" content=\"image\/webp\" \/>\n<meta name=\"twitter:card\" content=\"summary_large_image\" \/>\n<meta name=\"twitter:label1\" content=\"Tiempo de lectura\" \/>\n\t<meta name=\"twitter:data1\" content=\"1 minuto\" \/>\n<script type=\"application\/ld+json\" class=\"yoast-schema-graph\">{\"@context\":\"https:\/\/schema.org\",\"@graph\":[{\"@type\":\"WebPage\",\"@id\":\"https:\/\/cvelec.cl\/index.php\/producto\/loadbuster\/\",\"url\":\"https:\/\/cvelec.cl\/index.php\/producto\/loadbuster\/\",\"name\":\"LoadBuster - CVELEC\u00ae\",\"isPartOf\":{\"@id\":\"https:\/\/cvelec.cl\/#website\"},\"primaryImageOfPage\":{\"@id\":\"https:\/\/cvelec.cl\/index.php\/producto\/loadbuster\/#primaryimage\"},\"image\":{\"@id\":\"https:\/\/cvelec.cl\/index.php\/producto\/loadbuster\/#primaryimage\"},\"thumbnailUrl\":\"https:\/\/cvelec.cl\/wp-content\/uploads\/2024\/02\/ab98897d60eaa0d05c1862c118538407_XL.webp\",\"datePublished\":\"2024-02-19T13:53:27+00:00\",\"dateModified\":\"2024-10-20T16:54:30+00:00\",\"breadcrumb\":{\"@id\":\"https:\/\/cvelec.cl\/index.php\/producto\/loadbuster\/#breadcrumb\"},\"inLanguage\":\"es\",\"potentialAction\":[{\"@type\":\"ReadAction\",\"target\":[\"https:\/\/cvelec.cl\/index.php\/producto\/loadbuster\/\"]}]},{\"@type\":\"ImageObject\",\"inLanguage\":\"es\",\"@id\":\"https:\/\/cvelec.cl\/index.php\/producto\/loadbuster\/#primaryimage\",\"url\":\"https:\/\/cvelec.cl\/wp-content\/uploads\/2024\/02\/ab98897d60eaa0d05c1862c118538407_XL.webp\",\"contentUrl\":\"https:\/\/cvelec.cl\/wp-content\/uploads\/2024\/02\/ab98897d60eaa0d05c1862c118538407_XL.webp\",\"width\":300,\"height\":201},{\"@type\":\"BreadcrumbList\",\"@id\":\"https:\/\/cvelec.cl\/index.php\/producto\/loadbuster\/#breadcrumb\",\"itemListElement\":[{\"@type\":\"ListItem\",\"position\":1,\"name\":\"Portada\",\"item\":\"https:\/\/cvelec.cl\/\"},{\"@type\":\"ListItem\",\"position\":2,\"name\":\"Tienda\",\"item\":\"https:\/\/cvelec.cl\/index.php\/tienda\/\"},{\"@type\":\"ListItem\",\"position\":3,\"name\":\"LoadBuster\"}]},{\"@type\":\"WebSite\",\"@id\":\"https:\/\/cvelec.cl\/#website\",\"url\":\"https:\/\/cvelec.cl\/\",\"name\":\"CVELEC\u00ae\",\"description\":\"Restauraci\u00f3n Y Mantenci\u00f3n De Herramientas Load Buster, Restauraci\u00f3n Y Mantenci\u00f3n De Herramientas Hidr\u00e1ulicas, Restauraci\u00f3n Y Mantenci\u00f3n De Sistemas De Aterramiento Y P\u00e9rtigas, Asesor\u00edas Y Charlas T\u00e9cnicas Relacionadas Con Equipos De Protecci\u00f3n Personal Y Aterramientos, De Acuerdo A Normas Establecidas\",\"publisher\":{\"@id\":\"https:\/\/cvelec.cl\/#organization\"},\"potentialAction\":[{\"@type\":\"SearchAction\",\"target\":{\"@type\":\"EntryPoint\",\"urlTemplate\":\"https:\/\/cvelec.cl\/?s={search_term_string}\"},\"query-input\":{\"@type\":\"PropertyValueSpecification\",\"valueRequired\":true,\"valueName\":\"search_term_string\"}}],\"inLanguage\":\"es\"},{\"@type\":\"Organization\",\"@id\":\"https:\/\/cvelec.cl\/#organization\",\"name\":\"CVELEC\u00ae\",\"url\":\"https:\/\/cvelec.cl\/\",\"logo\":{\"@type\":\"ImageObject\",\"inLanguage\":\"es\",\"@id\":\"https:\/\/cvelec.cl\/#\/schema\/logo\/image\/\",\"url\":\"https:\/\/cvelec.cl\/wp-content\/uploads\/2024\/04\/CVELEC-WEB.png\",\"contentUrl\":\"https:\/\/cvelec.cl\/wp-content\/uploads\/2024\/04\/CVELEC-WEB.png\",\"width\":675,\"height\":351,\"caption\":\"CVELEC\u00ae\"},\"image\":{\"@id\":\"https:\/\/cvelec.cl\/#\/schema\/logo\/image\/\"}}]}<\/script>\n<!-- \/ Yoast SEO plugin. -->","yoast_head_json":{"title":"LoadBuster - CVELEC\u00ae","robots":{"index":"index","follow":"follow","max-snippet":"max-snippet:-1","max-image-preview":"max-image-preview:large","max-video-preview":"max-video-preview:-1"},"canonical":"https:\/\/cvelec.cl\/index.php\/producto\/loadbuster\/","og_locale":"es_ES","og_type":"article","og_title":"LoadBuster - CVELEC\u00ae","og_description":"Herramienta para realizar desconexi\u00f3n bajo carga en Seccionadores, Desconectadores, Fusibles, Pad Mounted, Etc. Para utilizar en sistemas hasta 34.5 kV, 600Amp Nominal, 900 Amp M\u00e1x. Incluye caja de protecci\u00f3n y transporte. Utilizaci\u00f3n con p\u00e9rtiga y guantes diel\u00e9ctricos apropiados seg\u00fan el nivel de tensi\u00f3n.","og_url":"https:\/\/cvelec.cl\/index.php\/producto\/loadbuster\/","og_site_name":"CVELEC\u00ae","article_modified_time":"2024-10-20T16:54:30+00:00","og_image":[{"width":300,"height":201,"url":"https:\/\/cvelec.cl\/wp-content\/uploads\/2024\/02\/ab98897d60eaa0d05c1862c118538407_XL.webp","type":"image\/webp"}],"twitter_card":"summary_large_image","twitter_misc":{"Tiempo de lectura":"1 minuto"},"schema":{"@context":"https:\/\/schema.org","@graph":[{"@type":"WebPage","@id":"https:\/\/cvelec.cl\/index.php\/producto\/loadbuster\/","url":"https:\/\/cvelec.cl\/index.php\/producto\/loadbuster\/","name":"LoadBuster - CVELEC\u00ae","isPartOf":{"@id":"https:\/\/cvelec.cl\/#website"},"primaryImageOfPage":{"@id":"https:\/\/cvelec.cl\/index.php\/producto\/loadbuster\/#primaryimage"},"image":{"@id":"https:\/\/cvelec.cl\/index.php\/producto\/loadbuster\/#primaryimage"},"thumbnailUrl":"https:\/\/cvelec.cl\/wp-content\/uploads\/2024\/02\/ab98897d60eaa0d05c1862c118538407_XL.webp","datePublished":"2024-02-19T13:53:27+00:00","dateModified":"2024-10-20T16:54:30+00:00","breadcrumb":{"@id":"https:\/\/cvelec.cl\/index.php\/producto\/loadbuster\/#breadcrumb"},"inLanguage":"es","potentialAction":[{"@type":"ReadAction","target":["https:\/\/cvelec.cl\/index.php\/producto\/loadbuster\/"]}]},{"@type":"ImageObject","inLanguage":"es","@id":"https:\/\/cvelec.cl\/index.php\/producto\/loadbuster\/#primaryimage","url":"https:\/\/cvelec.cl\/wp-content\/uploads\/2024\/02\/ab98897d60eaa0d05c1862c118538407_XL.webp","contentUrl":"https:\/\/cvelec.cl\/wp-content\/uploads\/2024\/02\/ab98897d60eaa0d05c1862c118538407_XL.webp","width":300,"height":201},{"@type":"BreadcrumbList","@id":"https:\/\/cvelec.cl\/index.php\/producto\/loadbuster\/#breadcrumb","itemListElement":[{"@type":"ListItem","position":1,"name":"Portada","item":"https:\/\/cvelec.cl\/"},{"@type":"ListItem","position":2,"name":"Tienda","item":"https:\/\/cvelec.cl\/index.php\/tienda\/"},{"@type":"ListItem","position":3,"name":"LoadBuster"}]},{"@type":"WebSite","@id":"https:\/\/cvelec.cl\/#website","url":"https:\/\/cvelec.cl\/","name":"CVELEC\u00ae","description":"Restauraci\u00f3n Y Mantenci\u00f3n De Herramientas Load Buster, Restauraci\u00f3n Y Mantenci\u00f3n De Herramientas Hidr\u00e1ulicas, Restauraci\u00f3n Y Mantenci\u00f3n De Sistemas De Aterramiento Y P\u00e9rtigas, Asesor\u00edas Y Charlas T\u00e9cnicas Relacionadas Con Equipos De Protecci\u00f3n Personal Y Aterramientos, De Acuerdo A Normas Establecidas","publisher":{"@id":"https:\/\/cvelec.cl\/#organization"},"potentialAction":[{"@type":"SearchAction","target":{"@type":"EntryPoint","urlTemplate":"https:\/\/cvelec.cl\/?s={search_term_string}"},"query-input":{"@type":"PropertyValueSpecification","valueRequired":true,"valueName":"search_term_string"}}],"inLanguage":"es"},{"@type":"Organization","@id":"https:\/\/cvelec.cl\/#organization","name":"CVELEC\u00ae","url":"https:\/\/cvelec.cl\/","logo":{"@type":"ImageObject","inLanguage":"es","@id":"https:\/\/cvelec.cl\/#\/schema\/logo\/image\/","url":"https:\/\/cvelec.cl\/wp-content\/uploads\/2024\/04\/CVELEC-WEB.png","contentUrl":"https:\/\/cvelec.cl\/wp-content\/uploads\/2024\/04\/CVELEC-WEB.png","width":675,"height":351,"caption":"CVELEC\u00ae"},"image":{"@id":"https:\/\/cvelec.cl\/#\/schema\/logo\/image\/"}}]}},"_links":{"self":[{"href":"https:\/\/cvelec.cl\/index.php\/wp-json\/wp\/v2\/product\/9298"}],"collection":[{"href":"https:\/\/cvelec.cl\/index.php\/wp-json\/wp\/v2\/product"}],"about":[{"href":"https:\/\/cvelec.cl\/index.php\/wp-json\/wp\/v2\/types\/product"}],"wp:featuredmedia":[{"embeddable":true,"href":"https:\/\/cvelec.cl\/index.php\/wp-json\/wp\/v2\/media\/10151"}],"wp:attachment":[{"href":"https:\/\/cvelec.cl\/index.php\/wp-json\/wp\/v2\/media?parent=9298"}],"wp:term":[{"taxonomy":"product_cat","embeddable":true,"href":"https:\/\/cvelec.cl\/index.php\/wp-json\/wp\/v2\/product_cat?post=9298"},{"taxonomy":"product_tag","embeddable":true,"href":"https:\/\/cvelec.cl\/index.php\/wp-json\/wp\/v2\/product_tag?post=9298"}],"curies":[{"name":"wp","href":"https:\/\/api.w.org\/{rel}","templated":true}]}}