{"id":9471,"date":"2024-02-19T14:33:32","date_gmt":"2024-02-19T17:33:32","guid":{"rendered":"https:\/\/cvelec.cl\/?post_type=product&#038;p=9471"},"modified":"2026-02-19T16:16:22","modified_gmt":"2026-02-19T19:16:22","slug":"pertiga-gatillo-usa","status":"publish","type":"product","link":"https:\/\/cvelec.cl\/index.php\/producto\/pertiga-gatillo-usa\/","title":{"rendered":"P\u00e9rtiga Gatillo USA"},"content":{"rendered":"<p>P\u00e9rtiga : P\u00e9rtiga Gatillo telesc\u00f3pica de Fibra de Vidrio para Trabajo Pesado Marca : CHANCE, U.S.A. Color : Naranjo Altamente Visible Las p\u00e9rtigas gatillo telesc\u00f3picas de Epoxiglas de CHANCE son muy convenientes para el liniero, permiti\u00e9ndole hacer muchos trabajos rutinarios. Desde el punto de vista funcional, este tipo de p\u00e9rtiga es id\u00e9ntica a la de largo fijo.<\/p>\n","protected":false},"excerpt":{"rendered":"<p>P\u00e9rtiga : P\u00e9rtiga Gatillo telesc\u00f3pica de Fibra de Vidrio para Trabajo Pesado Marca : CHANCE, U.S.A. Color : Naranjo Altamente Visible Las p\u00e9rtigas gatillo telesc\u00f3picas de Epoxiglas de CHANCE son muy convenientes para el liniero, permiti\u00e9ndole hacer muchos trabajos rutinarios. Desde el punto de vista funcional, este tipo de p\u00e9rtiga es id\u00e9ntica a la de&#8230;<\/p>\n","protected":false},"featured_media":9472,"template":"","meta":{"_acf_changed":false},"product_cat":[115],"product_tag":[],"class_list":{"0":"post-9471","1":"product","2":"type-product","3":"status-publish","4":"has-post-thumbnail","6":"product_cat-energia","8":"first","9":"instock","10":"shipping-taxable","11":"product-type-simple"},"acf":[],"yoast_head":"<!-- This site is optimized with the Yoast SEO plugin v23.7 - https:\/\/yoast.com\/wordpress\/plugins\/seo\/ -->\n<title>P\u00e9rtiga Gatillo USA - CVELEC\u00ae<\/title>\n<meta name=\"robots\" content=\"index, follow, max-snippet:-1, max-image-preview:large, max-video-preview:-1\" \/>\n<link rel=\"canonical\" href=\"https:\/\/cvelec.cl\/index.php\/producto\/pertiga-gatillo-usa\/\" \/>\n<meta property=\"og:locale\" content=\"es_ES\" \/>\n<meta property=\"og:type\" content=\"article\" \/>\n<meta property=\"og:title\" content=\"P\u00e9rtiga Gatillo USA - CVELEC\u00ae\" \/>\n<meta property=\"og:description\" content=\"P\u00e9rtiga : P\u00e9rtiga Gatillo telesc\u00f3pica de Fibra de Vidrio para Trabajo Pesado Marca : CHANCE, U.S.A. Color : Naranjo Altamente Visible Las p\u00e9rtigas gatillo telesc\u00f3picas de Epoxiglas de CHANCE son muy convenientes para el liniero, permiti\u00e9ndole hacer muchos trabajos rutinarios. Desde el punto de vista funcional, este tipo de p\u00e9rtiga es id\u00e9ntica a la de...\" \/>\n<meta property=\"og:url\" content=\"https:\/\/cvelec.cl\/index.php\/producto\/pertiga-gatillo-usa\/\" \/>\n<meta property=\"og:site_name\" content=\"CVELEC\u00ae\" \/>\n<meta property=\"article:modified_time\" content=\"2026-02-19T19:16:22+00:00\" \/>\n<meta property=\"og:image\" content=\"https:\/\/cvelec.cl\/wp-content\/uploads\/2024\/02\/e9ad9fee9d0bc73e0b2c055eb0b268ce_S.jpg\" \/>\n\t<meta property=\"og:image:width\" content=\"200\" \/>\n\t<meta property=\"og:image:height\" content=\"341\" \/>\n\t<meta property=\"og:image:type\" content=\"image\/jpeg\" \/>\n<meta name=\"twitter:card\" content=\"summary_large_image\" \/>\n<meta name=\"twitter:label1\" content=\"Tiempo de lectura\" \/>\n\t<meta name=\"twitter:data1\" content=\"1 minuto\" \/>\n<script type=\"application\/ld+json\" class=\"yoast-schema-graph\">{\"@context\":\"https:\/\/schema.org\",\"@graph\":[{\"@type\":\"WebPage\",\"@id\":\"https:\/\/cvelec.cl\/index.php\/producto\/pertiga-gatillo-usa\/\",\"url\":\"https:\/\/cvelec.cl\/index.php\/producto\/pertiga-gatillo-usa\/\",\"name\":\"P\u00e9rtiga Gatillo USA - CVELEC\u00ae\",\"isPartOf\":{\"@id\":\"https:\/\/cvelec.cl\/#website\"},\"primaryImageOfPage\":{\"@id\":\"https:\/\/cvelec.cl\/index.php\/producto\/pertiga-gatillo-usa\/#primaryimage\"},\"image\":{\"@id\":\"https:\/\/cvelec.cl\/index.php\/producto\/pertiga-gatillo-usa\/#primaryimage\"},\"thumbnailUrl\":\"https:\/\/cvelec.cl\/wp-content\/uploads\/2024\/02\/e9ad9fee9d0bc73e0b2c055eb0b268ce_S.jpg\",\"datePublished\":\"2024-02-19T17:33:32+00:00\",\"dateModified\":\"2026-02-19T19:16:22+00:00\",\"breadcrumb\":{\"@id\":\"https:\/\/cvelec.cl\/index.php\/producto\/pertiga-gatillo-usa\/#breadcrumb\"},\"inLanguage\":\"es\",\"potentialAction\":[{\"@type\":\"ReadAction\",\"target\":[\"https:\/\/cvelec.cl\/index.php\/producto\/pertiga-gatillo-usa\/\"]}]},{\"@type\":\"ImageObject\",\"inLanguage\":\"es\",\"@id\":\"https:\/\/cvelec.cl\/index.php\/producto\/pertiga-gatillo-usa\/#primaryimage\",\"url\":\"https:\/\/cvelec.cl\/wp-content\/uploads\/2024\/02\/e9ad9fee9d0bc73e0b2c055eb0b268ce_S.jpg\",\"contentUrl\":\"https:\/\/cvelec.cl\/wp-content\/uploads\/2024\/02\/e9ad9fee9d0bc73e0b2c055eb0b268ce_S.jpg\",\"width\":200,\"height\":341},{\"@type\":\"BreadcrumbList\",\"@id\":\"https:\/\/cvelec.cl\/index.php\/producto\/pertiga-gatillo-usa\/#breadcrumb\",\"itemListElement\":[{\"@type\":\"ListItem\",\"position\":1,\"name\":\"Portada\",\"item\":\"https:\/\/cvelec.cl\/\"},{\"@type\":\"ListItem\",\"position\":2,\"name\":\"Tienda\",\"item\":\"https:\/\/cvelec.cl\/index.php\/tienda\/\"},{\"@type\":\"ListItem\",\"position\":3,\"name\":\"P\u00e9rtiga Gatillo USA\"}]},{\"@type\":\"WebSite\",\"@id\":\"https:\/\/cvelec.cl\/#website\",\"url\":\"https:\/\/cvelec.cl\/\",\"name\":\"CVELEC\u00ae\",\"description\":\"Restauraci\u00f3n Y Mantenci\u00f3n De Herramientas Load Buster, Restauraci\u00f3n Y Mantenci\u00f3n De Herramientas Hidr\u00e1ulicas, Restauraci\u00f3n Y Mantenci\u00f3n De Sistemas De Aterramiento Y P\u00e9rtigas, Asesor\u00edas Y Charlas T\u00e9cnicas Relacionadas Con Equipos De Protecci\u00f3n Personal Y Aterramientos, De Acuerdo A Normas Establecidas\",\"publisher\":{\"@id\":\"https:\/\/cvelec.cl\/#organization\"},\"potentialAction\":[{\"@type\":\"SearchAction\",\"target\":{\"@type\":\"EntryPoint\",\"urlTemplate\":\"https:\/\/cvelec.cl\/?s={search_term_string}\"},\"query-input\":{\"@type\":\"PropertyValueSpecification\",\"valueRequired\":true,\"valueName\":\"search_term_string\"}}],\"inLanguage\":\"es\"},{\"@type\":\"Organization\",\"@id\":\"https:\/\/cvelec.cl\/#organization\",\"name\":\"CVELEC\u00ae\",\"url\":\"https:\/\/cvelec.cl\/\",\"logo\":{\"@type\":\"ImageObject\",\"inLanguage\":\"es\",\"@id\":\"https:\/\/cvelec.cl\/#\/schema\/logo\/image\/\",\"url\":\"https:\/\/cvelec.cl\/wp-content\/uploads\/2024\/04\/CVELEC-WEB.png\",\"contentUrl\":\"https:\/\/cvelec.cl\/wp-content\/uploads\/2024\/04\/CVELEC-WEB.png\",\"width\":675,\"height\":351,\"caption\":\"CVELEC\u00ae\"},\"image\":{\"@id\":\"https:\/\/cvelec.cl\/#\/schema\/logo\/image\/\"}}]}<\/script>\n<!-- \/ Yoast SEO plugin. -->","yoast_head_json":{"title":"P\u00e9rtiga Gatillo USA - CVELEC\u00ae","robots":{"index":"index","follow":"follow","max-snippet":"max-snippet:-1","max-image-preview":"max-image-preview:large","max-video-preview":"max-video-preview:-1"},"canonical":"https:\/\/cvelec.cl\/index.php\/producto\/pertiga-gatillo-usa\/","og_locale":"es_ES","og_type":"article","og_title":"P\u00e9rtiga Gatillo USA - CVELEC\u00ae","og_description":"P\u00e9rtiga : P\u00e9rtiga Gatillo telesc\u00f3pica de Fibra de Vidrio para Trabajo Pesado Marca : CHANCE, U.S.A. Color : Naranjo Altamente Visible Las p\u00e9rtigas gatillo telesc\u00f3picas de Epoxiglas de CHANCE son muy convenientes para el liniero, permiti\u00e9ndole hacer muchos trabajos rutinarios. Desde el punto de vista funcional, este tipo de p\u00e9rtiga es id\u00e9ntica a la de...","og_url":"https:\/\/cvelec.cl\/index.php\/producto\/pertiga-gatillo-usa\/","og_site_name":"CVELEC\u00ae","article_modified_time":"2026-02-19T19:16:22+00:00","og_image":[{"width":200,"height":341,"url":"https:\/\/cvelec.cl\/wp-content\/uploads\/2024\/02\/e9ad9fee9d0bc73e0b2c055eb0b268ce_S.jpg","type":"image\/jpeg"}],"twitter_card":"summary_large_image","twitter_misc":{"Tiempo de lectura":"1 minuto"},"schema":{"@context":"https:\/\/schema.org","@graph":[{"@type":"WebPage","@id":"https:\/\/cvelec.cl\/index.php\/producto\/pertiga-gatillo-usa\/","url":"https:\/\/cvelec.cl\/index.php\/producto\/pertiga-gatillo-usa\/","name":"P\u00e9rtiga Gatillo USA - CVELEC\u00ae","isPartOf":{"@id":"https:\/\/cvelec.cl\/#website"},"primaryImageOfPage":{"@id":"https:\/\/cvelec.cl\/index.php\/producto\/pertiga-gatillo-usa\/#primaryimage"},"image":{"@id":"https:\/\/cvelec.cl\/index.php\/producto\/pertiga-gatillo-usa\/#primaryimage"},"thumbnailUrl":"https:\/\/cvelec.cl\/wp-content\/uploads\/2024\/02\/e9ad9fee9d0bc73e0b2c055eb0b268ce_S.jpg","datePublished":"2024-02-19T17:33:32+00:00","dateModified":"2026-02-19T19:16:22+00:00","breadcrumb":{"@id":"https:\/\/cvelec.cl\/index.php\/producto\/pertiga-gatillo-usa\/#breadcrumb"},"inLanguage":"es","potentialAction":[{"@type":"ReadAction","target":["https:\/\/cvelec.cl\/index.php\/producto\/pertiga-gatillo-usa\/"]}]},{"@type":"ImageObject","inLanguage":"es","@id":"https:\/\/cvelec.cl\/index.php\/producto\/pertiga-gatillo-usa\/#primaryimage","url":"https:\/\/cvelec.cl\/wp-content\/uploads\/2024\/02\/e9ad9fee9d0bc73e0b2c055eb0b268ce_S.jpg","contentUrl":"https:\/\/cvelec.cl\/wp-content\/uploads\/2024\/02\/e9ad9fee9d0bc73e0b2c055eb0b268ce_S.jpg","width":200,"height":341},{"@type":"BreadcrumbList","@id":"https:\/\/cvelec.cl\/index.php\/producto\/pertiga-gatillo-usa\/#breadcrumb","itemListElement":[{"@type":"ListItem","position":1,"name":"Portada","item":"https:\/\/cvelec.cl\/"},{"@type":"ListItem","position":2,"name":"Tienda","item":"https:\/\/cvelec.cl\/index.php\/tienda\/"},{"@type":"ListItem","position":3,"name":"P\u00e9rtiga Gatillo USA"}]},{"@type":"WebSite","@id":"https:\/\/cvelec.cl\/#website","url":"https:\/\/cvelec.cl\/","name":"CVELEC\u00ae","description":"Restauraci\u00f3n Y Mantenci\u00f3n De Herramientas Load Buster, Restauraci\u00f3n Y Mantenci\u00f3n De Herramientas Hidr\u00e1ulicas, Restauraci\u00f3n Y Mantenci\u00f3n De Sistemas De Aterramiento Y P\u00e9rtigas, Asesor\u00edas Y Charlas T\u00e9cnicas Relacionadas Con Equipos De Protecci\u00f3n Personal Y Aterramientos, De Acuerdo A Normas Establecidas","publisher":{"@id":"https:\/\/cvelec.cl\/#organization"},"potentialAction":[{"@type":"SearchAction","target":{"@type":"EntryPoint","urlTemplate":"https:\/\/cvelec.cl\/?s={search_term_string}"},"query-input":{"@type":"PropertyValueSpecification","valueRequired":true,"valueName":"search_term_string"}}],"inLanguage":"es"},{"@type":"Organization","@id":"https:\/\/cvelec.cl\/#organization","name":"CVELEC\u00ae","url":"https:\/\/cvelec.cl\/","logo":{"@type":"ImageObject","inLanguage":"es","@id":"https:\/\/cvelec.cl\/#\/schema\/logo\/image\/","url":"https:\/\/cvelec.cl\/wp-content\/uploads\/2024\/04\/CVELEC-WEB.png","contentUrl":"https:\/\/cvelec.cl\/wp-content\/uploads\/2024\/04\/CVELEC-WEB.png","width":675,"height":351,"caption":"CVELEC\u00ae"},"image":{"@id":"https:\/\/cvelec.cl\/#\/schema\/logo\/image\/"}}]}},"_links":{"self":[{"href":"https:\/\/cvelec.cl\/index.php\/wp-json\/wp\/v2\/product\/9471"}],"collection":[{"href":"https:\/\/cvelec.cl\/index.php\/wp-json\/wp\/v2\/product"}],"about":[{"href":"https:\/\/cvelec.cl\/index.php\/wp-json\/wp\/v2\/types\/product"}],"wp:featuredmedia":[{"embeddable":true,"href":"https:\/\/cvelec.cl\/index.php\/wp-json\/wp\/v2\/media\/9472"}],"wp:attachment":[{"href":"https:\/\/cvelec.cl\/index.php\/wp-json\/wp\/v2\/media?parent=9471"}],"wp:term":[{"taxonomy":"product_cat","embeddable":true,"href":"https:\/\/cvelec.cl\/index.php\/wp-json\/wp\/v2\/product_cat?post=9471"},{"taxonomy":"product_tag","embeddable":true,"href":"https:\/\/cvelec.cl\/index.php\/wp-json\/wp\/v2\/product_tag?post=9471"}],"curies":[{"name":"wp","href":"https:\/\/api.w.org\/{rel}","templated":true}]}}