{"id":9714,"date":"2024-02-20T14:31:18","date_gmt":"2024-02-20T17:31:18","guid":{"rendered":"https:\/\/cvelec.cl\/?post_type=product&#038;p=9714"},"modified":"2024-10-20T13:31:38","modified_gmt":"2024-10-20T16:31:38","slug":"accesorios-para-pertiga-1-sofamel","status":"publish","type":"product","link":"https:\/\/cvelec.cl\/index.php\/producto\/accesorios-para-pertiga-1-sofamel\/","title":{"rendered":"Accesorios Para Pertiga 1 Sofamel"},"content":{"rendered":"","protected":false},"excerpt":{"rendered":"","protected":false},"featured_media":10144,"template":"","meta":{"_acf_changed":false},"product_cat":[116],"product_tag":[],"class_list":{"0":"post-9714","1":"product","2":"type-product","3":"status-publish","4":"has-post-thumbnail","6":"product_cat-herramientas","8":"first","9":"instock","10":"shipping-taxable","11":"product-type-simple"},"acf":[],"yoast_head":"<!-- This site is optimized with the Yoast SEO plugin v23.7 - https:\/\/yoast.com\/wordpress\/plugins\/seo\/ -->\n<title>Accesorios Para Pertiga 1 Sofamel - CVELEC\u00ae<\/title>\n<meta name=\"robots\" content=\"index, follow, max-snippet:-1, max-image-preview:large, max-video-preview:-1\" \/>\n<link rel=\"canonical\" href=\"https:\/\/cvelec.cl\/index.php\/producto\/accesorios-para-pertiga-1-sofamel\/\" \/>\n<meta property=\"og:locale\" content=\"es_ES\" \/>\n<meta property=\"og:type\" content=\"article\" \/>\n<meta property=\"og:title\" content=\"Accesorios Para Pertiga 1 Sofamel - CVELEC\u00ae\" \/>\n<meta property=\"og:url\" content=\"https:\/\/cvelec.cl\/index.php\/producto\/accesorios-para-pertiga-1-sofamel\/\" \/>\n<meta property=\"og:site_name\" content=\"CVELEC\u00ae\" \/>\n<meta property=\"article:modified_time\" content=\"2024-10-20T16:31:38+00:00\" \/>\n<meta property=\"og:image\" content=\"https:\/\/cvelec.cl\/wp-content\/uploads\/2024\/02\/fff4548682445ceca36c12620f894d26_S.webp\" \/>\n\t<meta property=\"og:image:width\" content=\"200\" \/>\n\t<meta property=\"og:image:height\" content=\"200\" \/>\n\t<meta property=\"og:image:type\" content=\"image\/webp\" \/>\n<meta name=\"twitter:card\" content=\"summary_large_image\" \/>\n<meta name=\"twitter:label1\" content=\"Tiempo de lectura\" \/>\n\t<meta name=\"twitter:data1\" content=\"1 minuto\" \/>\n<script type=\"application\/ld+json\" class=\"yoast-schema-graph\">{\"@context\":\"https:\/\/schema.org\",\"@graph\":[{\"@type\":\"WebPage\",\"@id\":\"https:\/\/cvelec.cl\/index.php\/producto\/accesorios-para-pertiga-1-sofamel\/\",\"url\":\"https:\/\/cvelec.cl\/index.php\/producto\/accesorios-para-pertiga-1-sofamel\/\",\"name\":\"Accesorios Para Pertiga 1 Sofamel - CVELEC\u00ae\",\"isPartOf\":{\"@id\":\"https:\/\/cvelec.cl\/#website\"},\"primaryImageOfPage\":{\"@id\":\"https:\/\/cvelec.cl\/index.php\/producto\/accesorios-para-pertiga-1-sofamel\/#primaryimage\"},\"image\":{\"@id\":\"https:\/\/cvelec.cl\/index.php\/producto\/accesorios-para-pertiga-1-sofamel\/#primaryimage\"},\"thumbnailUrl\":\"https:\/\/cvelec.cl\/wp-content\/uploads\/2024\/02\/fff4548682445ceca36c12620f894d26_S.webp\",\"datePublished\":\"2024-02-20T17:31:18+00:00\",\"dateModified\":\"2024-10-20T16:31:38+00:00\",\"breadcrumb\":{\"@id\":\"https:\/\/cvelec.cl\/index.php\/producto\/accesorios-para-pertiga-1-sofamel\/#breadcrumb\"},\"inLanguage\":\"es\",\"potentialAction\":[{\"@type\":\"ReadAction\",\"target\":[\"https:\/\/cvelec.cl\/index.php\/producto\/accesorios-para-pertiga-1-sofamel\/\"]}]},{\"@type\":\"ImageObject\",\"inLanguage\":\"es\",\"@id\":\"https:\/\/cvelec.cl\/index.php\/producto\/accesorios-para-pertiga-1-sofamel\/#primaryimage\",\"url\":\"https:\/\/cvelec.cl\/wp-content\/uploads\/2024\/02\/fff4548682445ceca36c12620f894d26_S.webp\",\"contentUrl\":\"https:\/\/cvelec.cl\/wp-content\/uploads\/2024\/02\/fff4548682445ceca36c12620f894d26_S.webp\",\"width\":200,\"height\":200},{\"@type\":\"BreadcrumbList\",\"@id\":\"https:\/\/cvelec.cl\/index.php\/producto\/accesorios-para-pertiga-1-sofamel\/#breadcrumb\",\"itemListElement\":[{\"@type\":\"ListItem\",\"position\":1,\"name\":\"Portada\",\"item\":\"https:\/\/cvelec.cl\/\"},{\"@type\":\"ListItem\",\"position\":2,\"name\":\"Tienda\",\"item\":\"https:\/\/cvelec.cl\/index.php\/tienda\/\"},{\"@type\":\"ListItem\",\"position\":3,\"name\":\"Accesorios Para Pertiga 1 Sofamel\"}]},{\"@type\":\"WebSite\",\"@id\":\"https:\/\/cvelec.cl\/#website\",\"url\":\"https:\/\/cvelec.cl\/\",\"name\":\"CVELEC\u00ae\",\"description\":\"Restauraci\u00f3n Y Mantenci\u00f3n De Herramientas Load Buster, Restauraci\u00f3n Y Mantenci\u00f3n De Herramientas Hidr\u00e1ulicas, Restauraci\u00f3n Y Mantenci\u00f3n De Sistemas De Aterramiento Y P\u00e9rtigas, Asesor\u00edas Y Charlas T\u00e9cnicas Relacionadas Con Equipos De Protecci\u00f3n Personal Y Aterramientos, De Acuerdo A Normas Establecidas\",\"publisher\":{\"@id\":\"https:\/\/cvelec.cl\/#organization\"},\"potentialAction\":[{\"@type\":\"SearchAction\",\"target\":{\"@type\":\"EntryPoint\",\"urlTemplate\":\"https:\/\/cvelec.cl\/?s={search_term_string}\"},\"query-input\":{\"@type\":\"PropertyValueSpecification\",\"valueRequired\":true,\"valueName\":\"search_term_string\"}}],\"inLanguage\":\"es\"},{\"@type\":\"Organization\",\"@id\":\"https:\/\/cvelec.cl\/#organization\",\"name\":\"CVELEC\u00ae\",\"url\":\"https:\/\/cvelec.cl\/\",\"logo\":{\"@type\":\"ImageObject\",\"inLanguage\":\"es\",\"@id\":\"https:\/\/cvelec.cl\/#\/schema\/logo\/image\/\",\"url\":\"https:\/\/cvelec.cl\/wp-content\/uploads\/2024\/04\/CVELEC-WEB.png\",\"contentUrl\":\"https:\/\/cvelec.cl\/wp-content\/uploads\/2024\/04\/CVELEC-WEB.png\",\"width\":675,\"height\":351,\"caption\":\"CVELEC\u00ae\"},\"image\":{\"@id\":\"https:\/\/cvelec.cl\/#\/schema\/logo\/image\/\"}}]}<\/script>\n<!-- \/ Yoast SEO plugin. -->","yoast_head_json":{"title":"Accesorios Para Pertiga 1 Sofamel - CVELEC\u00ae","robots":{"index":"index","follow":"follow","max-snippet":"max-snippet:-1","max-image-preview":"max-image-preview:large","max-video-preview":"max-video-preview:-1"},"canonical":"https:\/\/cvelec.cl\/index.php\/producto\/accesorios-para-pertiga-1-sofamel\/","og_locale":"es_ES","og_type":"article","og_title":"Accesorios Para Pertiga 1 Sofamel - CVELEC\u00ae","og_url":"https:\/\/cvelec.cl\/index.php\/producto\/accesorios-para-pertiga-1-sofamel\/","og_site_name":"CVELEC\u00ae","article_modified_time":"2024-10-20T16:31:38+00:00","og_image":[{"width":200,"height":200,"url":"https:\/\/cvelec.cl\/wp-content\/uploads\/2024\/02\/fff4548682445ceca36c12620f894d26_S.webp","type":"image\/webp"}],"twitter_card":"summary_large_image","twitter_misc":{"Tiempo de lectura":"1 minuto"},"schema":{"@context":"https:\/\/schema.org","@graph":[{"@type":"WebPage","@id":"https:\/\/cvelec.cl\/index.php\/producto\/accesorios-para-pertiga-1-sofamel\/","url":"https:\/\/cvelec.cl\/index.php\/producto\/accesorios-para-pertiga-1-sofamel\/","name":"Accesorios Para Pertiga 1 Sofamel - CVELEC\u00ae","isPartOf":{"@id":"https:\/\/cvelec.cl\/#website"},"primaryImageOfPage":{"@id":"https:\/\/cvelec.cl\/index.php\/producto\/accesorios-para-pertiga-1-sofamel\/#primaryimage"},"image":{"@id":"https:\/\/cvelec.cl\/index.php\/producto\/accesorios-para-pertiga-1-sofamel\/#primaryimage"},"thumbnailUrl":"https:\/\/cvelec.cl\/wp-content\/uploads\/2024\/02\/fff4548682445ceca36c12620f894d26_S.webp","datePublished":"2024-02-20T17:31:18+00:00","dateModified":"2024-10-20T16:31:38+00:00","breadcrumb":{"@id":"https:\/\/cvelec.cl\/index.php\/producto\/accesorios-para-pertiga-1-sofamel\/#breadcrumb"},"inLanguage":"es","potentialAction":[{"@type":"ReadAction","target":["https:\/\/cvelec.cl\/index.php\/producto\/accesorios-para-pertiga-1-sofamel\/"]}]},{"@type":"ImageObject","inLanguage":"es","@id":"https:\/\/cvelec.cl\/index.php\/producto\/accesorios-para-pertiga-1-sofamel\/#primaryimage","url":"https:\/\/cvelec.cl\/wp-content\/uploads\/2024\/02\/fff4548682445ceca36c12620f894d26_S.webp","contentUrl":"https:\/\/cvelec.cl\/wp-content\/uploads\/2024\/02\/fff4548682445ceca36c12620f894d26_S.webp","width":200,"height":200},{"@type":"BreadcrumbList","@id":"https:\/\/cvelec.cl\/index.php\/producto\/accesorios-para-pertiga-1-sofamel\/#breadcrumb","itemListElement":[{"@type":"ListItem","position":1,"name":"Portada","item":"https:\/\/cvelec.cl\/"},{"@type":"ListItem","position":2,"name":"Tienda","item":"https:\/\/cvelec.cl\/index.php\/tienda\/"},{"@type":"ListItem","position":3,"name":"Accesorios Para Pertiga 1 Sofamel"}]},{"@type":"WebSite","@id":"https:\/\/cvelec.cl\/#website","url":"https:\/\/cvelec.cl\/","name":"CVELEC\u00ae","description":"Restauraci\u00f3n Y Mantenci\u00f3n De Herramientas Load Buster, Restauraci\u00f3n Y Mantenci\u00f3n De Herramientas Hidr\u00e1ulicas, Restauraci\u00f3n Y Mantenci\u00f3n De Sistemas De Aterramiento Y P\u00e9rtigas, Asesor\u00edas Y Charlas T\u00e9cnicas Relacionadas Con Equipos De Protecci\u00f3n Personal Y Aterramientos, De Acuerdo A Normas Establecidas","publisher":{"@id":"https:\/\/cvelec.cl\/#organization"},"potentialAction":[{"@type":"SearchAction","target":{"@type":"EntryPoint","urlTemplate":"https:\/\/cvelec.cl\/?s={search_term_string}"},"query-input":{"@type":"PropertyValueSpecification","valueRequired":true,"valueName":"search_term_string"}}],"inLanguage":"es"},{"@type":"Organization","@id":"https:\/\/cvelec.cl\/#organization","name":"CVELEC\u00ae","url":"https:\/\/cvelec.cl\/","logo":{"@type":"ImageObject","inLanguage":"es","@id":"https:\/\/cvelec.cl\/#\/schema\/logo\/image\/","url":"https:\/\/cvelec.cl\/wp-content\/uploads\/2024\/04\/CVELEC-WEB.png","contentUrl":"https:\/\/cvelec.cl\/wp-content\/uploads\/2024\/04\/CVELEC-WEB.png","width":675,"height":351,"caption":"CVELEC\u00ae"},"image":{"@id":"https:\/\/cvelec.cl\/#\/schema\/logo\/image\/"}}]}},"_links":{"self":[{"href":"https:\/\/cvelec.cl\/index.php\/wp-json\/wp\/v2\/product\/9714"}],"collection":[{"href":"https:\/\/cvelec.cl\/index.php\/wp-json\/wp\/v2\/product"}],"about":[{"href":"https:\/\/cvelec.cl\/index.php\/wp-json\/wp\/v2\/types\/product"}],"wp:featuredmedia":[{"embeddable":true,"href":"https:\/\/cvelec.cl\/index.php\/wp-json\/wp\/v2\/media\/10144"}],"wp:attachment":[{"href":"https:\/\/cvelec.cl\/index.php\/wp-json\/wp\/v2\/media?parent=9714"}],"wp:term":[{"taxonomy":"product_cat","embeddable":true,"href":"https:\/\/cvelec.cl\/index.php\/wp-json\/wp\/v2\/product_cat?post=9714"},{"taxonomy":"product_tag","embeddable":true,"href":"https:\/\/cvelec.cl\/index.php\/wp-json\/wp\/v2\/product_tag?post=9714"}],"curies":[{"name":"wp","href":"https:\/\/api.w.org\/{rel}","templated":true}]}}